{"id":1095,"date":"2018-03-29T07:42:20","date_gmt":"2018-03-29T07:42:20","guid":{"rendered":"https:\/\/www.moroccangarden.com\/collections\/"},"modified":"2018-07-04T12:51:36","modified_gmt":"2018-07-04T12:51:36","slug":"collecties","status":"publish","type":"page","link":"https:\/\/moroccangarden.com\/nl\/collecties\/","title":{"rendered":"Collecties"},"content":{"rendered":"<h1 class=\"font-size--up-6 medium--font-size--up-12 large--font-size--up-16 xlarge--font-size--up-20 font-bold margin--none text-caps letter-spacing-wide\">COLLECTIES<\/h1>\n<div class=\"rte-collection medium-down--hide padding-top--up-1\">\n<p class=\"p1\">Moroccan Garden <a href=\"https:\/\/moroccangarden.com\/nl\/product\/arganolie\/\" target=\"_blank\" rel=\"noopener\">premium arganolie<\/a> is de hoogste kwaliteit die er is. In de Precious Line vind je tevens arganolie in combinatie met essenti\u00eble oli\u00ebn. Gecombineerd geven ze haar en lichaam zowel een fantastische geur als een gezonde uitstraling. Ontworpen om zeer licht en niet vettig te zijn, onze oli\u00ebn houden je haar geconditioneerd en glanzend. Bovendien verzachten, hydrateren en conditioneren onze kostbare oli\u00ebn uw haar en lichaam. Daarnaast wordt roos tegengegaan of volledig ge\u00eblimineerd. De lichtgewicht melange zal je haar niet verzwaren of vettig doen aanvoelen. Simpel gezegd, onze Precious Oil is de beste op de markt.<\/p>\n<\/div>\n","protected":false},"excerpt":{"rendered":"<p>COLLECTIES Moroccan Garden premium arganolie is de hoogste kwaliteit die er is. In de Precious Line vind je tevens arganolie in combinatie met essenti\u00eble oli\u00ebn. Gecombineerd geven ze haar en lichaam zowel een fantastische geur als een gezonde uitstraling. Ontworpen om zeer licht en niet vettig te zijn, onze oli\u00ebn houden je haar geconditioneerd en [&#8230;]\n","protected":false},"author":7,"featured_media":0,"parent":0,"menu_order":0,"comment_status":"closed","ping_status":"closed","template":"page-templates\/template-collections.php","meta":{"footnotes":""},"class_list":["post-1095","page","type-page","status-publish","hentry"],"yoast_head":"<!-- This site is optimized with the Yoast SEO plugin v26.3 - https:\/\/yoast.com\/wordpress\/plugins\/seo\/ -->\n<title>Collecties - Moroccan Garden<\/title>\n<meta name=\"robots\" content=\"index, follow, max-snippet:-1, max-image-preview:large, max-video-preview:-1\" \/>\n<link rel=\"canonical\" href=\"https:\/\/moroccangarden.com\/nl\/collecties\/\" \/>\n<meta property=\"og:locale\" content=\"nl_NL\" \/>\n<meta property=\"og:type\" content=\"article\" \/>\n<meta property=\"og:title\" content=\"Collecties - Moroccan Garden\" \/>\n<meta property=\"og:description\" content=\"COLLECTIES Moroccan Garden premium arganolie is de hoogste kwaliteit die er is. In de Precious Line vind je tevens arganolie in combinatie met essenti\u00eble oli\u00ebn. Gecombineerd geven ze haar en lichaam zowel een fantastische geur als een gezonde uitstraling. Ontworpen om zeer licht en niet vettig te zijn, onze oli\u00ebn houden je haar geconditioneerd en [...]\" \/>\n<meta property=\"og:url\" content=\"https:\/\/moroccangarden.com\/nl\/collecties\/\" \/>\n<meta property=\"og:site_name\" content=\"Moroccan Garden\" \/>\n<meta property=\"article:publisher\" content=\"https:\/\/www.facebook.com\/moroccangarden\/\" \/>\n<meta property=\"article:modified_time\" content=\"2018-07-04T12:51:36+00:00\" \/>\n<meta name=\"twitter:card\" content=\"summary_large_image\" \/>\n<meta name=\"twitter:site\" content=\"@moroccangarden1\" \/>\n<meta name=\"twitter:label1\" content=\"Geschatte leestijd\" \/>\n\t<meta name=\"twitter:data1\" content=\"1 minuut\" \/>\n<script type=\"application\/ld+json\" class=\"yoast-schema-graph\">{\"@context\":\"https:\/\/schema.org\",\"@graph\":[{\"@type\":\"WebPage\",\"@id\":\"https:\/\/moroccangarden.com\/nl\/collecties\/\",\"url\":\"https:\/\/moroccangarden.com\/nl\/collecties\/\",\"name\":\"Collecties - Moroccan Garden\",\"isPartOf\":{\"@id\":\"https:\/\/moroccangarden.com\/en\/#website\"},\"datePublished\":\"2018-03-29T07:42:20+00:00\",\"dateModified\":\"2018-07-04T12:51:36+00:00\",\"breadcrumb\":{\"@id\":\"https:\/\/moroccangarden.com\/nl\/collecties\/#breadcrumb\"},\"inLanguage\":\"nl-NL\",\"potentialAction\":[{\"@type\":\"ReadAction\",\"target\":[\"https:\/\/moroccangarden.com\/nl\/collecties\/\"]}]},{\"@type\":\"BreadcrumbList\",\"@id\":\"https:\/\/moroccangarden.com\/nl\/collecties\/#breadcrumb\",\"itemListElement\":[{\"@type\":\"ListItem\",\"position\":1,\"name\":\"Home\",\"item\":\"https:\/\/moroccangarden.com\/en\/\"},{\"@type\":\"ListItem\",\"position\":2,\"name\":\"Collecties\"}]},{\"@type\":\"WebSite\",\"@id\":\"https:\/\/moroccangarden.com\/en\/#website\",\"url\":\"https:\/\/moroccangarden.com\/en\/\",\"name\":\"Moroccan Garden\",\"description\":\"Loves to Share\",\"potentialAction\":[{\"@type\":\"SearchAction\",\"target\":{\"@type\":\"EntryPoint\",\"urlTemplate\":\"https:\/\/moroccangarden.com\/en\/?s={search_term_string}\"},\"query-input\":{\"@type\":\"PropertyValueSpecification\",\"valueRequired\":true,\"valueName\":\"search_term_string\"}}],\"inLanguage\":\"nl-NL\"}]}<\/script>\n<!-- \/ Yoast SEO plugin. -->","yoast_head_json":{"title":"Collecties - Moroccan Garden","robots":{"index":"index","follow":"follow","max-snippet":"max-snippet:-1","max-image-preview":"max-image-preview:large","max-video-preview":"max-video-preview:-1"},"canonical":"https:\/\/moroccangarden.com\/nl\/collecties\/","og_locale":"nl_NL","og_type":"article","og_title":"Collecties - Moroccan Garden","og_description":"COLLECTIES Moroccan Garden premium arganolie is de hoogste kwaliteit die er is. In de Precious Line vind je tevens arganolie in combinatie met essenti\u00eble oli\u00ebn. Gecombineerd geven ze haar en lichaam zowel een fantastische geur als een gezonde uitstraling. Ontworpen om zeer licht en niet vettig te zijn, onze oli\u00ebn houden je haar geconditioneerd en [...]","og_url":"https:\/\/moroccangarden.com\/nl\/collecties\/","og_site_name":"Moroccan Garden","article_publisher":"https:\/\/www.facebook.com\/moroccangarden\/","article_modified_time":"2018-07-04T12:51:36+00:00","twitter_card":"summary_large_image","twitter_site":"@moroccangarden1","twitter_misc":{"Geschatte leestijd":"1 minuut"},"schema":{"@context":"https:\/\/schema.org","@graph":[{"@type":"WebPage","@id":"https:\/\/moroccangarden.com\/nl\/collecties\/","url":"https:\/\/moroccangarden.com\/nl\/collecties\/","name":"Collecties - Moroccan Garden","isPartOf":{"@id":"https:\/\/moroccangarden.com\/en\/#website"},"datePublished":"2018-03-29T07:42:20+00:00","dateModified":"2018-07-04T12:51:36+00:00","breadcrumb":{"@id":"https:\/\/moroccangarden.com\/nl\/collecties\/#breadcrumb"},"inLanguage":"nl-NL","potentialAction":[{"@type":"ReadAction","target":["https:\/\/moroccangarden.com\/nl\/collecties\/"]}]},{"@type":"BreadcrumbList","@id":"https:\/\/moroccangarden.com\/nl\/collecties\/#breadcrumb","itemListElement":[{"@type":"ListItem","position":1,"name":"Home","item":"https:\/\/moroccangarden.com\/en\/"},{"@type":"ListItem","position":2,"name":"Collecties"}]},{"@type":"WebSite","@id":"https:\/\/moroccangarden.com\/en\/#website","url":"https:\/\/moroccangarden.com\/en\/","name":"Moroccan Garden","description":"Loves to Share","potentialAction":[{"@type":"SearchAction","target":{"@type":"EntryPoint","urlTemplate":"https:\/\/moroccangarden.com\/en\/?s={search_term_string}"},"query-input":{"@type":"PropertyValueSpecification","valueRequired":true,"valueName":"search_term_string"}}],"inLanguage":"nl-NL"}]}},"_links":{"self":[{"href":"https:\/\/moroccangarden.com\/nl\/wp-json\/wp\/v2\/pages\/1095","targetHints":{"allow":["GET"]}}],"collection":[{"href":"https:\/\/moroccangarden.com\/nl\/wp-json\/wp\/v2\/pages"}],"about":[{"href":"https:\/\/moroccangarden.com\/nl\/wp-json\/wp\/v2\/types\/page"}],"author":[{"embeddable":true,"href":"https:\/\/moroccangarden.com\/nl\/wp-json\/wp\/v2\/users\/7"}],"replies":[{"embeddable":true,"href":"https:\/\/moroccangarden.com\/nl\/wp-json\/wp\/v2\/comments?post=1095"}],"version-history":[{"count":11,"href":"https:\/\/moroccangarden.com\/nl\/wp-json\/wp\/v2\/pages\/1095\/revisions"}],"predecessor-version":[{"id":1555,"href":"https:\/\/moroccangarden.com\/nl\/wp-json\/wp\/v2\/pages\/1095\/revisions\/1555"}],"wp:attachment":[{"href":"https:\/\/moroccangarden.com\/nl\/wp-json\/wp\/v2\/media?parent=1095"}],"curies":[{"name":"wp","href":"https:\/\/api.w.org\/{rel}","templated":true}]}}